{"id":77,"date":"2017-04-05T12:35:01","date_gmt":"2017-04-05T11:35:01","guid":{"rendered":"http:\/\/spshostenice.cz\/?page_id=77"},"modified":"2021-10-20T11:12:49","modified_gmt":"2021-10-20T10:12:49","slug":"zprava-z-vyrocni-schuze-28-ledna-2017","status":"publish","type":"page","link":"https:\/\/spshostenice.cz\/?page_id=77","title":{"rendered":"V\u00fdro\u010dn\u00ed zpr\u00e1va SPsH za rok 2015"},"content":{"rendered":"<h1>V\u00fdro\u010dn\u00ed zpr\u00e1va SPsH za rok 2015 (v\u00fdro\u010dn\u00ed sch\u016fze se konala 30.1.2016)<\/h1>\n<p style=\"text-align: left;\">K nahl\u00e9dnut\u00ed <a title=\"V\u00fdro\u010dn\u00ed zpr\u00e1va SPsH za rok 2015\" href=\"https:\/\/spshostenice.cz\/sps_prilohy\/zpravy_a_zapisy\/zprava01_vyrocni_zprava_spsh_2015.pdf\" target=\"_blank\">ZDE<\/a>.<\/p>\n","protected":false},"excerpt":{"rendered":"<p>V\u00fdro\u010dn\u00ed zpr\u00e1va SPsH za rok 2015 (v\u00fdro\u010dn\u00ed sch\u016fze se konala 30.1.2016) K nahl\u00e9dnut\u00ed ZDE.<\/p>\n<p class=\"continue-reading-button\"> <a class=\"continue-reading-link\" href=\"https:\/\/spshostenice.cz\/?page_id=77\">Continue reading<i class=\"crycon-right-dir\"><\/i><\/a><\/p>\n","protected":false},"author":1,"featured_media":0,"parent":7,"menu_order":3,"comment_status":"closed","ping_status":"closed","template":"","meta":{"footnotes":""},"_links":{"self":[{"href":"https:\/\/spshostenice.cz\/index.php?rest_route=\/wp\/v2\/pages\/77"}],"collection":[{"href":"https:\/\/spshostenice.cz\/index.php?rest_route=\/wp\/v2\/pages"}],"about":[{"href":"https:\/\/spshostenice.cz\/index.php?rest_route=\/wp\/v2\/types\/page"}],"author":[{"embeddable":true,"href":"https:\/\/spshostenice.cz\/index.php?rest_route=\/wp\/v2\/users\/1"}],"replies":[{"embeddable":true,"href":"https:\/\/spshostenice.cz\/index.php?rest_route=%2Fwp%2Fv2%2Fcomments&post=77"}],"version-history":[{"count":7,"href":"https:\/\/spshostenice.cz\/index.php?rest_route=\/wp\/v2\/pages\/77\/revisions"}],"predecessor-version":[{"id":283,"href":"https:\/\/spshostenice.cz\/index.php?rest_route=\/wp\/v2\/pages\/77\/revisions\/283"}],"up":[{"embeddable":true,"href":"https:\/\/spshostenice.cz\/index.php?rest_route=\/wp\/v2\/pages\/7"}],"wp:attachment":[{"href":"https:\/\/spshostenice.cz\/index.php?rest_route=%2Fwp%2Fv2%2Fmedia&parent=77"}],"curies":[{"name":"wp","href":"https:\/\/api.w.org\/{rel}","templated":true}]}}