{"id":7,"date":"2015-04-27T21:15:00","date_gmt":"2015-04-27T20:15:00","guid":{"rendered":"http:\/\/spshostenice.cz\/?page_id=7"},"modified":"2023-12-28T18:27:27","modified_gmt":"2023-12-28T17:27:27","slug":"vyrocni-zprava-spsh-za-rok-2022","status":"publish","type":"page","link":"https:\/\/spshostenice.cz\/?page_id=7","title":{"rendered":"O spolku"},"content":{"rendered":"<p>Spolek P\u0159\u00e1tel sportu Host\u011bnice (SPsH) se zrodil v\u00a0hlav\u00e1ch n\u011bkolika nad\u0161enc\u016f sportu ji\u017e p\u0159ed mnoha lety. V\u017edy z\u016fst\u00e1valo pouze u slov, ale to se zm\u011bnilo v\u00a0sobotu 05. z\u00e1\u0159\u00ed 2015, kde si na ust\u00e1vaj\u00edc\u00ed sch\u016fzi v\u0161ichni zap\u00e1len\u00ed aktivn\u00ed i pasivn\u00ed sportovci navrhli a tak\u00e9 jednohlasn\u011b schv\u00e1lili stanovy spolku, \u010dlensk\u00e9 p\u0159\u00edsp\u011bvky, jeho veden\u00ed a dal\u0161\u00ed a dal\u0161\u00ed n\u00e1le\u017eitosti nezbytn\u00e9 pro jeho fungov\u00e1n\u00ed. SPsH m\u00e1 sv\u00e9 s\u00eddlo v\u00a0Host\u011bnic\u00edch, na adrese Host\u011bnice \u010d.p. 6, PS\u010c 664 04. Z\u00e1kladn\u00edmi \u00fa\u010dely spolku jsou sdru\u017eov\u00e1n\u00ed osob za \u00fa\u010delem sportu, propagace, organizov\u00e1n\u00ed a podpora sportovn\u00edch akc\u00ed, za\u010dle\u0148ov\u00e1n\u00ed d\u011bt\u00ed do sportovn\u00edch aktivit, vybudov\u00e1n\u00ed z\u00e1zem\u00ed k h\u0159i\u0161ti ,,Na Pastvisk\u00e1ch\u201c a ochrana \u017eivotn\u00edho prost\u0159ed\u00ed (\u010di\u0161t\u011bn\u00ed les\u016f, potok\u016f, luk, apod. \u010dinnosti). Za hlavn\u00ed \u010dinnosti spolku pat\u0159\u00ed:<\/p>\n<ol>\n<li>a) organizov\u00e1n\u00ed a po\u0159\u00e1d\u00e1n\u00ed nohejbalov\u00fdch, fotbalov\u00fdch, tenisov\u00fdch, hokejov\u00fdch a dal\u0161\u00edch akc\u00ed,<\/li>\n<li>b) v\u00fdroby a \u00fapravy ledov\u00e9 plochy na h\u0159i\u0161ti ,,Na Pastvisk\u00e1ch\u201c v\u00a0zimn\u00edm obdob\u00ed,<\/li>\n<li>c) \u00fa\u010dasti na dobudov\u00e1n\u00ed nohejbalov\u00e9ho kurtu na h\u0159i\u0161ti ,,Na Pastvisk\u00e1ch\u201c,<\/li>\n<li>d) spolupr\u00e1ce s\u00a0jin\u00fdmi organizacemi,<\/li>\n<li>e) pravideln\u00e9ho p\u0159isp\u00edv\u00e1n\u00ed do obecn\u00edho zpravodaje obce Host\u011bnice o fungov\u00e1n\u00ed spolku,<\/li>\n<li>f) zapojen\u00edm dobrovoln\u00edk\u016f a podporou dobrovolnictv\u00ed,<\/li>\n<li>g) realizac\u00ed projekt\u016f souvisej\u00edc\u00edch s hlavn\u00edmi \u00fa\u010dely spolku.<\/li>\n<\/ol>\n<p>\u00dasp\u011b\u0161n\u00e9 zaps\u00e1n\u00ed na\u0161eho spolku do spolkov\u00e9ho rejst\u0159\u00edku prob\u011bhlo 22 \u0159\u00edjna a 7 listopadu byl spolek zd\u00e1rn\u011b zaregistrov\u00e1n u Krajsk\u00e9ho soudu v\u00a0Brn\u011b. P\u0159\u00e1tel sportu nevznikl a ani nechce p\u016fsobit jako konkurence v\u016f\u010di ostatn\u00edm sdru\u017een\u00edm. Chce s nimi trvale spolupracovat a pod\u00edlet se na spole\u010dn\u00fdch akc\u00edch v\u00a0obci a\u0165 u\u017e aktivn\u00ed \u00fa\u010dast\u00ed, \u010di p\u0159i podpo\u0159e s\u00a0jejich organizov\u00e1n\u00edm. P\u0159ejeme si naopak vytvo\u0159it klidnou a p\u0159\u00e1telskou sou\u010dinnost v\u0161ech, kte\u0159\u00ed o to stoj\u00ed.<\/p>\n","protected":false},"excerpt":{"rendered":"<p>Spolek P\u0159\u00e1tel sportu Host\u011bnice (SPsH) se zrodil v\u00a0hlav\u00e1ch n\u011bkolika nad\u0161enc\u016f sportu ji\u017e p\u0159ed mnoha lety. V\u017edy z\u016fst\u00e1valo pouze u slov, ale to se zm\u011bnilo v\u00a0sobotu 05. z\u00e1\u0159\u00ed 2015, kde si na ust\u00e1vaj\u00edc\u00ed sch\u016fzi v\u0161ichni zap\u00e1len\u00ed aktivn\u00ed i pasivn\u00ed sportovci navrhli a tak\u00e9 jednohlasn\u011b schv\u00e1lili stanovy spolku, \u010dlensk\u00e9 p\u0159\u00edsp\u011bvky, jeho veden\u00ed\u2026<\/p>\n<p class=\"continue-reading-button\"> <a class=\"continue-reading-link\" href=\"https:\/\/spshostenice.cz\/?page_id=7\">Continue reading<i class=\"crycon-right-dir\"><\/i><\/a><\/p>\n","protected":false},"author":1,"featured_media":0,"parent":112,"menu_order":1,"comment_status":"closed","ping_status":"closed","template":"","meta":{"footnotes":""},"_links":{"self":[{"href":"https:\/\/spshostenice.cz\/index.php?rest_route=\/wp\/v2\/pages\/7"}],"collection":[{"href":"https:\/\/spshostenice.cz\/index.php?rest_route=\/wp\/v2\/pages"}],"about":[{"href":"https:\/\/spshostenice.cz\/index.php?rest_route=\/wp\/v2\/types\/page"}],"author":[{"embeddable":true,"href":"https:\/\/spshostenice.cz\/index.php?rest_route=\/wp\/v2\/users\/1"}],"replies":[{"embeddable":true,"href":"https:\/\/spshostenice.cz\/index.php?rest_route=%2Fwp%2Fv2%2Fcomments&post=7"}],"version-history":[{"count":3,"href":"https:\/\/spshostenice.cz\/index.php?rest_route=\/wp\/v2\/pages\/7\/revisions"}],"predecessor-version":[{"id":41,"href":"https:\/\/spshostenice.cz\/index.php?rest_route=\/wp\/v2\/pages\/7\/revisions\/41"}],"up":[{"embeddable":true,"href":"https:\/\/spshostenice.cz\/index.php?rest_route=\/wp\/v2\/pages\/112"}],"wp:attachment":[{"href":"https:\/\/spshostenice.cz\/index.php?rest_route=%2Fwp%2Fv2%2Fmedia&parent=7"}],"curies":[{"name":"wp","href":"https:\/\/api.w.org\/{rel}","templated":true}]}}