{"id":346,"date":"2026-01-06T19:31:17","date_gmt":"2026-01-06T18:31:17","guid":{"rendered":"https:\/\/spshostenice.cz\/?page_id=346"},"modified":"2026-01-06T19:33:53","modified_gmt":"2026-01-06T18:33:53","slug":"vyrocni-zprava-spsh-za-rok-2024","status":"publish","type":"page","link":"https:\/\/spshostenice.cz\/?page_id=346","title":{"rendered":"V\u00fdro\u010dn\u00ed zpr\u00e1va SPsH za rok 2024"},"content":{"rendered":"\n<p>V\u00fdro\u010dn\u00ed zpr\u00e1va za rok 2024 je k nahl\u00e9dnut\u00ed <a href=\"https:\/\/spshostenice.cz\/wp-content\/uploads\/2026\/01\/Vyrocni-zprava-SPsH-za-rok-2024.pdf\" target=\"_blank\" rel=\"noreferrer noopener\">ZDE<\/a>.<\/p>\n","protected":false},"excerpt":{"rendered":"<p>V\u00fdro\u010dn\u00ed zpr\u00e1va za rok 2024 je k nahl\u00e9dnut\u00ed ZDE.<\/p>\n<p class=\"continue-reading-button\"> <a class=\"continue-reading-link\" href=\"https:\/\/spshostenice.cz\/?page_id=346\">Continue reading<i class=\"crycon-right-dir\"><\/i><\/a><\/p>\n","protected":false},"author":1,"featured_media":0,"parent":7,"menu_order":12,"comment_status":"closed","ping_status":"closed","template":"","meta":{"footnotes":""},"_links":{"self":[{"href":"https:\/\/spshostenice.cz\/index.php?rest_route=\/wp\/v2\/pages\/346"}],"collection":[{"href":"https:\/\/spshostenice.cz\/index.php?rest_route=\/wp\/v2\/pages"}],"about":[{"href":"https:\/\/spshostenice.cz\/index.php?rest_route=\/wp\/v2\/types\/page"}],"author":[{"embeddable":true,"href":"https:\/\/spshostenice.cz\/index.php?rest_route=\/wp\/v2\/users\/1"}],"replies":[{"embeddable":true,"href":"https:\/\/spshostenice.cz\/index.php?rest_route=%2Fwp%2Fv2%2Fcomments&post=346"}],"version-history":[{"count":3,"href":"https:\/\/spshostenice.cz\/index.php?rest_route=\/wp\/v2\/pages\/346\/revisions"}],"predecessor-version":[{"id":349,"href":"https:\/\/spshostenice.cz\/index.php?rest_route=\/wp\/v2\/pages\/346\/revisions\/349"}],"up":[{"embeddable":true,"href":"https:\/\/spshostenice.cz\/index.php?rest_route=\/wp\/v2\/pages\/7"}],"wp:attachment":[{"href":"https:\/\/spshostenice.cz\/index.php?rest_route=%2Fwp%2Fv2%2Fmedia&parent=346"}],"curies":[{"name":"wp","href":"https:\/\/api.w.org\/{rel}","templated":true}]}}