{"id":304,"date":"2023-12-28T18:33:48","date_gmt":"2023-12-28T17:33:48","guid":{"rendered":"https:\/\/spshostenice.cz\/?page_id=304"},"modified":"2023-12-28T18:59:31","modified_gmt":"2023-12-28T17:59:31","slug":"vyrocni-zprava-spsh-za-rok-2022","status":"publish","type":"page","link":"https:\/\/spshostenice.cz\/?page_id=304","title":{"rendered":"V\u00fdro\u010dn\u00ed zpr\u00e1va SPsH za rok 2022"},"content":{"rendered":"\n<p>V\u00fdro\u010dn\u00ed zpr\u00e1va za rok 2022 je k nahl\u00e9dnut\u00ed <a href=\"https:\/\/spshostenice.cz\/wp-content\/uploads\/2023\/12\/Vyrocni-zprava-SPsH-za-rok-2022.pdf\" data-type=\"URL\" data-id=\"https:\/\/spshostenice.cz\/wp-content\/uploads\/2023\/12\/Vyrocni-zprava-SPsH-za-rok-2022.pdf\" target=\"_blank\" rel=\"noreferrer noopener\">ZDE<\/a>.<\/p>\n","protected":false},"excerpt":{"rendered":"<p>V\u00fdro\u010dn\u00ed zpr\u00e1va za rok 2022 je k nahl\u00e9dnut\u00ed ZDE.<\/p>\n<p class=\"continue-reading-button\"> <a class=\"continue-reading-link\" href=\"https:\/\/spshostenice.cz\/?page_id=304\">Continue reading<i class=\"crycon-right-dir\"><\/i><\/a><\/p>\n","protected":false},"author":1,"featured_media":0,"parent":7,"menu_order":10,"comment_status":"closed","ping_status":"closed","template":"","meta":{"footnotes":""},"_links":{"self":[{"href":"https:\/\/spshostenice.cz\/index.php?rest_route=\/wp\/v2\/pages\/304"}],"collection":[{"href":"https:\/\/spshostenice.cz\/index.php?rest_route=\/wp\/v2\/pages"}],"about":[{"href":"https:\/\/spshostenice.cz\/index.php?rest_route=\/wp\/v2\/types\/page"}],"author":[{"embeddable":true,"href":"https:\/\/spshostenice.cz\/index.php?rest_route=\/wp\/v2\/users\/1"}],"replies":[{"embeddable":true,"href":"https:\/\/spshostenice.cz\/index.php?rest_route=%2Fwp%2Fv2%2Fcomments&post=304"}],"version-history":[{"count":5,"href":"https:\/\/spshostenice.cz\/index.php?rest_route=\/wp\/v2\/pages\/304\/revisions"}],"predecessor-version":[{"id":313,"href":"https:\/\/spshostenice.cz\/index.php?rest_route=\/wp\/v2\/pages\/304\/revisions\/313"}],"up":[{"embeddable":true,"href":"https:\/\/spshostenice.cz\/index.php?rest_route=\/wp\/v2\/pages\/7"}],"wp:attachment":[{"href":"https:\/\/spshostenice.cz\/index.php?rest_route=%2Fwp%2Fv2%2Fmedia&parent=304"}],"curies":[{"name":"wp","href":"https:\/\/api.w.org\/{rel}","templated":true}]}}