{"id":209,"date":"2021-12-01T16:53:28","date_gmt":"2021-12-01T15:53:28","guid":{"rendered":"http:\/\/spshostenice.cz\/?page_id=209"},"modified":"2025-01-08T11:20:06","modified_gmt":"2025-01-08T10:20:06","slug":"lesni-bar-u-krav","status":"publish","type":"page","link":"https:\/\/spshostenice.cz\/?page_id=209","title":{"rendered":"Lesn\u00ed bar U Krav"},"content":{"rendered":"\n<p>Lesn\u00ed bar je z d\u016fvodu v\u00fdskytu \u0161k\u016fdc\u016f do odvol\u00e1n\u00ed uzav\u0159en.<\/p>\n\n\n\n<p><\/p>\n\n\n\n<h3 class=\"wp-block-heading\"><strong>Kontakt Lesn\u00ed bar U Krav<\/strong><\/h3>\n\n\n\n<p>Jan Sk\u0159iv\u00e1nek 00420 731 194 322<\/p>\n\n\n\n<p>Jirka H\u00e1jek 00420 774 686 002<\/p>\n\n\n\n<p>Jirka Marek 00420 604 708 334<\/p>\n\n\n\n<p>Luk\u00e1\u0161 Sm\u00edlek 00420 776 137 863<\/p>\n\n\n\n<p>Petr \u0160lof 00420 728 988 431<\/p>\n","protected":false},"excerpt":{"rendered":"<p>Lesn\u00ed bar je z d\u016fvodu v\u00fdskytu \u0161k\u016fdc\u016f do odvol\u00e1n\u00ed uzav\u0159en. Kontakt Lesn\u00ed bar U Krav Jan Sk\u0159iv\u00e1nek 00420 731 194 322 Jirka H\u00e1jek 00420 774 686 002 Jirka Marek 00420 604 708 334 Luk\u00e1\u0161 Sm\u00edlek 00420 776 137 863 Petr \u0160lof 00420 728 988 431<\/p>\n<p class=\"continue-reading-button\"> <a class=\"continue-reading-link\" href=\"https:\/\/spshostenice.cz\/?page_id=209\">Continue reading<i class=\"crycon-right-dir\"><\/i><\/a><\/p>\n","protected":false},"author":1,"featured_media":0,"parent":0,"menu_order":7,"comment_status":"closed","ping_status":"closed","template":"","meta":{"footnotes":""},"_links":{"self":[{"href":"https:\/\/spshostenice.cz\/index.php?rest_route=\/wp\/v2\/pages\/209"}],"collection":[{"href":"https:\/\/spshostenice.cz\/index.php?rest_route=\/wp\/v2\/pages"}],"about":[{"href":"https:\/\/spshostenice.cz\/index.php?rest_route=\/wp\/v2\/types\/page"}],"author":[{"embeddable":true,"href":"https:\/\/spshostenice.cz\/index.php?rest_route=\/wp\/v2\/users\/1"}],"replies":[{"embeddable":true,"href":"https:\/\/spshostenice.cz\/index.php?rest_route=%2Fwp%2Fv2%2Fcomments&post=209"}],"version-history":[{"count":7,"href":"https:\/\/spshostenice.cz\/index.php?rest_route=\/wp\/v2\/pages\/209\/revisions"}],"predecessor-version":[{"id":334,"href":"https:\/\/spshostenice.cz\/index.php?rest_route=\/wp\/v2\/pages\/209\/revisions\/334"}],"wp:attachment":[{"href":"https:\/\/spshostenice.cz\/index.php?rest_route=%2Fwp%2Fv2%2Fmedia&parent=209"}],"curies":[{"name":"wp","href":"https:\/\/api.w.org\/{rel}","templated":true}]}}