{"id":20,"date":"2016-03-22T20:56:29","date_gmt":"2016-03-22T19:56:29","guid":{"rendered":"http:\/\/spshostenice.cz\/?page_id=20"},"modified":"2025-01-08T10:55:42","modified_gmt":"2025-01-08T09:55:42","slug":"zapis-schuze","status":"publish","type":"page","link":"https:\/\/spshostenice.cz\/?page_id=20","title":{"rendered":"Z\u00e1pis z ust\u00e1vuj\u00edc\u00ed sch\u016fze spolku P\u0159\u00e1tel sportu Host\u011bnice"},"content":{"rendered":"<h1 style=\"text-align: center;\"><strong><em>Z\u00e1pis z\u00a0ustavuj\u00edc\u00ed sch\u016fze<\/em><\/strong><br \/>\n<strong><em>spolku P\u0159\u00e1tel sportu Host\u011bnice<\/em><\/strong><\/h1>\n<p>&nbsp;<\/p>\n<p>1)<br \/>\nDne 05.09.2015 se uskute\u010dnila ustavuj\u00edc\u00ed sch\u016fze spolku P\u0159\u00e1tel sportu Host\u011bnice (d\u00e1le jen &#8222;spolek&#8220;) za \u00fa\u010dasti osob uveden\u00fdch na p\u0159ipojen\u00e9 listin\u011b p\u0159\u00edtomn\u00fdch, svolan\u00e1 dne 10.08.2015 svolavatelem Ing. et Ing. Janem Mikul\u00e1\u0161kem.<\/p>\n<p>2)<br \/>\nNa programu jedn\u00e1n\u00ed ustavuj\u00edc\u00ed sch\u016fze spolku byly n\u00ed\u017ee uveden\u00e9 body:<\/p>\n<ol>\n<li>a) volba p\u0159edsedaj\u00edc\u00edho,<br \/>\nb) soupis listiny p\u0159\u00edtomn\u00fdch,<br \/>\nc)\u00a0\u00a0\u00a0\u00a0\u00a0\u00a0\u00a0\u00a0 schv\u00e1len\u00ed stanov,<br \/>\nd)\u00a0\u00a0\u00a0\u00a0\u00a0\u00a0\u00a0 volba org\u00e1n\u016f spolku,<br \/>\ne)\u00a0\u00a0\u00a0\u00a0\u00a0 n\u00e1vrh a schv\u00e1len\u00ed v\u00fd\u0161e p\u0159\u00edsp\u011bvk\u016f.<\/li>\n<\/ol>\n<p>&nbsp;<\/p>\n<ol>\n<li>a) V \u00favodu ustavuj\u00edc\u00ed sch\u016fze sezn\u00e1mil svolavatel p\u0159\u00edtomn\u00e9 s\u00a0d\u016fvody vzniku a z\u00e1kladn\u00edmi c\u00edli \u010dinnosti spolku a s\u00a0jedn\u00e1n\u00edmi, kter\u00e1 v\u00a0z\u00e1jmu spolku ji\u017e u\u010dinil. D\u00e1le svolavatel navrhl ustanovuj\u00edc\u00ed sch\u016fzi pravidla pro jej\u00ed jedn\u00e1n\u00ed a volbu p\u0159edsedaj\u00edc\u00edho ustavuj\u00edc\u00ed sch\u016fze. P\u0159edsed\u00e1n\u00edm ustavuj\u00edc\u00ed sch\u016fze p\u0159\u00edtomn\u00ed pov\u011b\u0159ili Jana Sk\u0159iv\u00e1nka DiS.<\/li>\n<li>b) P\u0159\u00edtomn\u00ed pot\u00e9 vyj\u00e1d\u0159ili sv\u016fj souhlas s\u00a0hlavn\u00edmi c\u00edli sdru\u017een\u00ed, uveden\u00fdmi ve stanov\u00e1ch spolku a projevili v\u016fli st\u00e1t se \u010dleny spolku. Jako doklad o t\u00e9to skute\u010dnosti byla vyhotovena listina p\u0159\u00edtomn\u00fdch, kter\u00e1 tvo\u0159\u00ed sou\u010d\u00e1st tohoto z\u00e1pisu.<\/li>\n<li>c) P\u0159\u00edtomn\u00ed se usnesli, \u017ee schvaluj\u00ed stanovy navr\u017een\u00e9 svolavatelem. Pro bylo 28 (100 %) p\u0159\u00edtomn\u00fdch, proti bylo 0 (0 %) p\u0159\u00edtomn\u00fdch, zdr\u017eeli se 0 (0 %).<\/li>\n<li>d) Ve smyslu \u010cl. VI. stanov spolku byli \u010dleny rady spolku do n\u00e1sleduj\u00edc\u00edch funkci zvoleni:<\/li>\n<li>p\u0159edseda spolku &#8211; Ing. et Ing. Jan Mikul\u00e1\u0161ek (pro zvolen\u00ed bylo 27 p\u0159\u00edtomn\u00fdch, proti bylo 0 p\u0159\u00edtomn\u00fdch, zdr\u017eel se hlasov\u00e1n\u00ed 1 p\u0159\u00edtomn\u00fd),<\/li>\n<\/ol>\n<p>&nbsp;<\/p>\n<ol start=\"2\">\n<li>prvn\u00ed m\u00edstop\u0159edseda spolku &#8211; Mgr. Marek Filou\u0161 (pro zvolen\u00ed bylo 27 p\u0159\u00edtomn\u00fdch, proti bylo 0 p\u0159\u00edtomn\u00fdch, zdr\u017eel se hlasov\u00e1n\u00ed 1 p\u0159\u00edtomn\u00fd),<\/li>\n<\/ol>\n<p>&nbsp;<\/p>\n<ol start=\"3\">\n<li>druh\u00fd m\u00edstop\u0159edseda spolku &#8211; Ing. Arch. Ji\u0159\u00ed Marek (pro zvolen\u00ed bylo 27 p\u0159\u00edtomn\u00fdch, proti bylo 0 p\u0159\u00edtomn\u00fdch, zdr\u017eel se hlasov\u00e1n\u00ed 1 p\u0159\u00edtomn\u00fd).<\/li>\n<\/ol>\n<p>D\u00e1le byl zvolen pokladn\u00edk spolku &#8211; David Tak\u00e1\u010d (pro zvolen\u00ed bylo 27 p\u0159\u00edtomn\u00fdch, proti bylo 0 p\u0159\u00edtomn\u00fdch, zdr\u017eel se hlasov\u00e1n\u00ed 1 p\u0159\u00edtomn\u00fd).<\/p>\n<p>&nbsp;<\/p>\n<p>&nbsp;<\/p>\n<p>&nbsp;<\/p>\n<ol>\n<li>e) Ve smyslu \u010cl. VI. stanov spolku byly v\u00fd\u0161e p\u0159\u00edsp\u011bvk\u016f schv\u00e1leny n\u00e1sledn\u011b:<\/li>\n<\/ol>\n<ul>\n<li>vstupn\u00ed \u010dlensk\u00fd p\u0159\u00edsp\u011bvek do spolku bude ve v\u00fd\u0161i 1.000,- K\u010d(tento poplatek uhrad\u00ed ka\u017ed\u00fd, kdo bude cht\u00edt do spolku vstoupit),<\/li>\n<li>ka\u017ed\u00fd dal\u0161\u00ed p\u0159\u00edsp\u011bvek \u010dlena bude \u010dinit 500,- K\u010d\/rok.<\/li>\n<\/ul>\n<p>&nbsp;<\/p>\n<p>&nbsp;<\/p>\n<p>&nbsp;<\/p>\n<p>&nbsp;<\/p>\n<p>Z\u00e1pis po\u0159\u00eddil: Jan Mikul\u00e1\u0161ek\u00a0\u00a0\u00a0\u00a0\u00a0\u00a0\u00a0\u00a0\u00a0\u00a0\u00a0\u00a0\u00a0\u00a0\u00a0\u00a0\u00a0\u00a0\u00a0\u00a0\u00a0\u00a0\u00a0\u00a0\u00a0\u00a0\u00a0\u00a0\u00a0\u00a0\u00a0\u00a0\u00a0\u00a0\u00a0\u00a0\u00a0\u00a0\u00a0\u00a0\u00a0\u00a0\u00a0\u00a0\u00a0\u00a0\u00a0\u00a0\u00a0\u00a0\u00a0\u00a0\u00a0\u00a0\u00a0 Ov\u011b\u0159il: Jan Sk\u0159iv\u00e1nek<\/p>\n<p>&nbsp;<\/p>\n","protected":false},"excerpt":{"rendered":"<p>Z\u00e1pis z\u00a0ustavuj\u00edc\u00ed sch\u016fze spolku P\u0159\u00e1tel sportu Host\u011bnice &nbsp; 1) Dne 05.09.2015 se uskute\u010dnila ustavuj\u00edc\u00ed sch\u016fze spolku P\u0159\u00e1tel sportu Host\u011bnice (d\u00e1le jen &#8222;spolek&#8220;) za \u00fa\u010dasti osob uveden\u00fdch na p\u0159ipojen\u00e9 listin\u011b p\u0159\u00edtomn\u00fdch, svolan\u00e1 dne 10.08.2015 svolavatelem Ing. et Ing. Janem Mikul\u00e1\u0161kem. 2) Na programu jedn\u00e1n\u00ed ustavuj\u00edc\u00ed sch\u016fze spolku byly n\u00ed\u017ee uveden\u00e9 body:\u2026<\/p>\n<p class=\"continue-reading-button\"> <a class=\"continue-reading-link\" href=\"https:\/\/spshostenice.cz\/?page_id=20\">Continue reading<i class=\"crycon-right-dir\"><\/i><\/a><\/p>\n","protected":false},"author":1,"featured_media":0,"parent":7,"menu_order":2,"comment_status":"closed","ping_status":"closed","template":"","meta":{"footnotes":""},"_links":{"self":[{"href":"https:\/\/spshostenice.cz\/index.php?rest_route=\/wp\/v2\/pages\/20"}],"collection":[{"href":"https:\/\/spshostenice.cz\/index.php?rest_route=\/wp\/v2\/pages"}],"about":[{"href":"https:\/\/spshostenice.cz\/index.php?rest_route=\/wp\/v2\/types\/page"}],"author":[{"embeddable":true,"href":"https:\/\/spshostenice.cz\/index.php?rest_route=\/wp\/v2\/users\/1"}],"replies":[{"embeddable":true,"href":"https:\/\/spshostenice.cz\/index.php?rest_route=%2Fwp%2Fv2%2Fcomments&post=20"}],"version-history":[{"count":3,"href":"https:\/\/spshostenice.cz\/index.php?rest_route=\/wp\/v2\/pages\/20\/revisions"}],"predecessor-version":[{"id":325,"href":"https:\/\/spshostenice.cz\/index.php?rest_route=\/wp\/v2\/pages\/20\/revisions\/325"}],"up":[{"embeddable":true,"href":"https:\/\/spshostenice.cz\/index.php?rest_route=\/wp\/v2\/pages\/7"}],"wp:attachment":[{"href":"https:\/\/spshostenice.cz\/index.php?rest_route=%2Fwp%2Fv2%2Fmedia&parent=20"}],"curies":[{"name":"wp","href":"https:\/\/api.w.org\/{rel}","templated":true}]}}