{"id":18,"date":"2016-03-22T20:52:13","date_gmt":"2016-03-22T19:52:13","guid":{"rendered":"http:\/\/spshostenice.cz\/?page_id=18"},"modified":"2025-04-01T13:02:55","modified_gmt":"2025-04-01T12:02:55","slug":"uvodem","status":"publish","type":"page","link":"https:\/\/spshostenice.cz\/","title":{"rendered":""},"content":{"rendered":"<h1 style=\"text-align: center;\"><span style=\"color: #ff0000;\">V\u00edtejte na webu Spolku P\u0159\u00e1tel sportu Host\u011bnice <\/span><span style=\"color: #ff0000;\">SPsH<\/span><\/h1>\n<p style=\"text-align: center;\">\n","protected":false},"excerpt":{"rendered":"<p>V\u00edtejte na webu Spolku P\u0159\u00e1tel sportu Host\u011bnice SPsH<\/p>\n<p class=\"continue-reading-button\"> <a class=\"continue-reading-link\" href=\"https:\/\/spshostenice.cz\/\">Continue reading<i class=\"crycon-right-dir\"><\/i><\/a><\/p>\n","protected":false},"author":1,"featured_media":0,"parent":0,"menu_order":0,"comment_status":"closed","ping_status":"closed","template":"","meta":{"footnotes":""},"_links":{"self":[{"href":"https:\/\/spshostenice.cz\/index.php?rest_route=\/wp\/v2\/pages\/18"}],"collection":[{"href":"https:\/\/spshostenice.cz\/index.php?rest_route=\/wp\/v2\/pages"}],"about":[{"href":"https:\/\/spshostenice.cz\/index.php?rest_route=\/wp\/v2\/types\/page"}],"author":[{"embeddable":true,"href":"https:\/\/spshostenice.cz\/index.php?rest_route=\/wp\/v2\/users\/1"}],"replies":[{"embeddable":true,"href":"https:\/\/spshostenice.cz\/index.php?rest_route=%2Fwp%2Fv2%2Fcomments&post=18"}],"version-history":[{"count":73,"href":"https:\/\/spshostenice.cz\/index.php?rest_route=\/wp\/v2\/pages\/18\/revisions"}],"predecessor-version":[{"id":343,"href":"https:\/\/spshostenice.cz\/index.php?rest_route=\/wp\/v2\/pages\/18\/revisions\/343"}],"wp:attachment":[{"href":"https:\/\/spshostenice.cz\/index.php?rest_route=%2Fwp%2Fv2%2Fmedia&parent=18"}],"curies":[{"name":"wp","href":"https:\/\/api.w.org\/{rel}","templated":true}]}}