{"id":178,"date":"2020-12-08T13:17:22","date_gmt":"2020-12-08T12:17:22","guid":{"rendered":"http:\/\/spshostenice.cz\/?page_id=178"},"modified":"2021-10-20T11:11:47","modified_gmt":"2021-10-20T10:11:47","slug":"vyrocni-zprava-spsh-za-rok-2019","status":"publish","type":"page","link":"https:\/\/spshostenice.cz\/?page_id=178","title":{"rendered":"V\u00fdro\u010dn\u00ed zpr\u00e1va SPsH za rok 2019"},"content":{"rendered":"<h1>V\u00fdro\u010dn\u00ed zpr\u00e1va SPsH za rok 2019 (v\u00fdro\u010dn\u00ed sch\u016fze se konala 25.1.2020)<\/h1>\n<p style=\"text-align: left;\">K nahl\u00e9dnut\u00ed\u00a0<a title=\"V\u00fdro\u010dn\u00ed zpr\u00e1va SPsH za rok 2019\" href=\"https:\/\/spshostenice.cz\/sps_prilohy\/zpravy_a_zapisy\/zprava06_vyrocni_zprava_spsh_2019.pdf\" target=\"_blank\">ZDE<\/a>.<\/p>\n","protected":false},"excerpt":{"rendered":"<p>V\u00fdro\u010dn\u00ed zpr\u00e1va SPsH za rok 2019 (v\u00fdro\u010dn\u00ed sch\u016fze se konala 25.1.2020) K nahl\u00e9dnut\u00ed\u00a0ZDE.<\/p>\n<p class=\"continue-reading-button\"> <a class=\"continue-reading-link\" href=\"https:\/\/spshostenice.cz\/?page_id=178\">Continue reading<i class=\"crycon-right-dir\"><\/i><\/a><\/p>\n","protected":false},"author":1,"featured_media":0,"parent":7,"menu_order":7,"comment_status":"closed","ping_status":"closed","template":"","meta":{"footnotes":""},"_links":{"self":[{"href":"https:\/\/spshostenice.cz\/index.php?rest_route=\/wp\/v2\/pages\/178"}],"collection":[{"href":"https:\/\/spshostenice.cz\/index.php?rest_route=\/wp\/v2\/pages"}],"about":[{"href":"https:\/\/spshostenice.cz\/index.php?rest_route=\/wp\/v2\/types\/page"}],"author":[{"embeddable":true,"href":"https:\/\/spshostenice.cz\/index.php?rest_route=\/wp\/v2\/users\/1"}],"replies":[{"embeddable":true,"href":"https:\/\/spshostenice.cz\/index.php?rest_route=%2Fwp%2Fv2%2Fcomments&post=178"}],"version-history":[{"count":5,"href":"https:\/\/spshostenice.cz\/index.php?rest_route=\/wp\/v2\/pages\/178\/revisions"}],"predecessor-version":[{"id":258,"href":"https:\/\/spshostenice.cz\/index.php?rest_route=\/wp\/v2\/pages\/178\/revisions\/258"}],"up":[{"embeddable":true,"href":"https:\/\/spshostenice.cz\/index.php?rest_route=\/wp\/v2\/pages\/7"}],"wp:attachment":[{"href":"https:\/\/spshostenice.cz\/index.php?rest_route=%2Fwp%2Fv2%2Fmedia&parent=178"}],"curies":[{"name":"wp","href":"https:\/\/api.w.org\/{rel}","templated":true}]}}