{"id":175,"date":"2020-01-23T13:12:40","date_gmt":"2020-01-23T12:12:40","guid":{"rendered":"http:\/\/spshostenice.cz\/?page_id=175"},"modified":"2021-10-20T11:11:35","modified_gmt":"2021-10-20T10:11:35","slug":"vyrocni-zprava-spsh-za-rok-2018","status":"publish","type":"page","link":"https:\/\/spshostenice.cz\/?page_id=175","title":{"rendered":"V\u00fdro\u010dn\u00ed zpr\u00e1va SPsH za rok 2018"},"content":{"rendered":"<h1>V\u00fdro\u010dn\u00ed zpr\u00e1va SPsH za rok 2018 (v\u00fdro\u010dn\u00ed sch\u016fze se konala 26.1.2019)<\/h1>\n<p style=\"text-align: left;\">K nahl\u00e9dnut\u00ed\u00a0<a title=\"V\u00fdro\u010dn\u00ed zpr\u00e1va SPsH za rok 2017\" href=\"https:\/\/spshostenice.cz\/sps_prilohy\/zpravy_a_zapisy\/zprava05_vyrocni_zprava_spsh_2018.pdf\" target=\"_blank\">ZDE<\/a>.<\/p>\n","protected":false},"excerpt":{"rendered":"<p>V\u00fdro\u010dn\u00ed zpr\u00e1va SPsH za rok 2018 (v\u00fdro\u010dn\u00ed sch\u016fze se konala 26.1.2019) K nahl\u00e9dnut\u00ed\u00a0ZDE.<\/p>\n<p class=\"continue-reading-button\"> <a class=\"continue-reading-link\" href=\"https:\/\/spshostenice.cz\/?page_id=175\">Continue reading<i class=\"crycon-right-dir\"><\/i><\/a><\/p>\n","protected":false},"author":1,"featured_media":0,"parent":7,"menu_order":6,"comment_status":"closed","ping_status":"closed","template":"","meta":{"footnotes":""},"_links":{"self":[{"href":"https:\/\/spshostenice.cz\/index.php?rest_route=\/wp\/v2\/pages\/175"}],"collection":[{"href":"https:\/\/spshostenice.cz\/index.php?rest_route=\/wp\/v2\/pages"}],"about":[{"href":"https:\/\/spshostenice.cz\/index.php?rest_route=\/wp\/v2\/types\/page"}],"author":[{"embeddable":true,"href":"https:\/\/spshostenice.cz\/index.php?rest_route=\/wp\/v2\/users\/1"}],"replies":[{"embeddable":true,"href":"https:\/\/spshostenice.cz\/index.php?rest_route=%2Fwp%2Fv2%2Fcomments&post=175"}],"version-history":[{"count":2,"href":"https:\/\/spshostenice.cz\/index.php?rest_route=\/wp\/v2\/pages\/175\/revisions"}],"predecessor-version":[{"id":190,"href":"https:\/\/spshostenice.cz\/index.php?rest_route=\/wp\/v2\/pages\/175\/revisions\/190"}],"up":[{"embeddable":true,"href":"https:\/\/spshostenice.cz\/index.php?rest_route=\/wp\/v2\/pages\/7"}],"wp:attachment":[{"href":"https:\/\/spshostenice.cz\/index.php?rest_route=%2Fwp%2Fv2%2Fmedia&parent=175"}],"curies":[{"name":"wp","href":"https:\/\/api.w.org\/{rel}","templated":true}]}}