{"id":16,"date":"2016-03-22T20:51:26","date_gmt":"2016-03-22T19:51:26","guid":{"rendered":"http:\/\/spshostenice.cz\/domains\/spshostenice.czspshostenice.cz\/?page_id=16"},"modified":"2026-01-24T11:19:21","modified_gmt":"2026-01-24T10:19:21","slug":"seznam-clenu","status":"publish","type":"page","link":"https:\/\/spshostenice.cz\/?page_id=16","title":{"rendered":"Seznam \u010dlen\u016f"},"content":{"rendered":"\n<figure class=\"wp-block-table\"><table><tbody><tr><td>&nbsp;<\/td><td>\u010clenov\u00e9 SPsH<\/td><td>&nbsp;<\/td><\/tr><tr><td><strong>\u010d.<\/strong><\/td><td><strong>jm\u00e9no a p\u0159\u00edjmen\u00ed<\/strong><\/td><td><strong>den vstupu<\/strong><\/td><\/tr><tr><td>1.<\/td><td>Jan Mikul\u00e1\u0161ek<\/td><td>5.9.2015<\/td><\/tr><tr><td>2.<\/td><td>Luk\u00e1\u0161 Sm\u00edlek<\/td><td>5.9.2015<\/td><\/tr><tr><td>3.<\/td><td>Ji\u0159\u00ed Marek<\/td><td>5.9.2015<\/td><\/tr><tr><td>4.<\/td><td>David Tak\u00e1\u010d<\/td><td>5.9.2015<\/td><\/tr><tr><td>5.<\/td><td>Marek Filou\u0161<\/td><td>5.9.2015<\/td><\/tr><tr><td>6.<\/td><td>Petr \u0160lof<\/td><td>5.9.2015<\/td><\/tr><tr><td>7.<\/td><td>V\u00e1clav Vesely<\/td><td>5.9.2015<\/td><\/tr><tr><td>8.<\/td><td>Libor Essender<\/td><td>5.9.2015<\/td><\/tr><tr><td>9.<\/td><td>Ji\u0159\u00ed H\u00e1jek<\/td><td>5.9.2015<\/td><\/tr><tr><td>10.<\/td><td>Filip Gale<\/td><td>5.9.2015<\/td><\/tr><tr><td>11.<\/td><td>Svatopluk Kousal\u00edk<\/td><td>5.9.2015<\/td><\/tr><tr><td>12.<\/td><td>Jan Borek<\/td><td>5.9.2015<\/td><\/tr><tr><td>13.<\/td><td>Jan Sk\u0159iv\u00e1nek<\/td><td>5.9.2015<\/td><\/tr><tr><td>14.<\/td><td>Zden\u011bk Kone\u010dn\u00fd<\/td><td>5.9.2015<\/td><\/tr><tr><td>15.<\/td><td>Radek Pato\u010dka<\/td><td>5.9.2015<\/td><\/tr><tr><td>16.<\/td><td>V\u00e1clav Mikul\u00e1\u0161ek<\/td><td>5.9.2015<\/td><\/tr><tr><td>17.<\/td><td>Vojt\u011bch Hor\u00e1k<\/td><td>5.9.2015<\/td><\/tr><tr><td>18.<\/td><td>V\u00e1clav Novotn\u00fd<\/td><td>5.9.2015<\/td><\/tr><tr><td>19.<\/td><td>Mirek Tu\u0161er<\/td><td>5.9.2015<\/td><\/tr><tr><td>20.<\/td><td>Roman Pato\u010dka<\/td><td>19.12.2015<\/td><\/tr><tr><td>21.<\/td><td>J\u00e1n Matia\u0161ovic<\/td><td>30.1.2016<\/td><\/tr><tr><td>22.<\/td><td>Dalibor Vesel\u00fd<\/td><td>11.3.2016<\/td><\/tr><tr><td>23.<\/td><td>Mat\u011bj Kousal\u00edk<\/td><td>30.1.2017<\/td><\/tr><tr><td>24.<\/td><td>V\u00e1clav Sobotka<\/td><td>9.7.2018<\/td><\/tr><tr><td>25.<\/td><td>Luk\u00e1\u0161 Musil<\/td><td>19.9.2018<\/td><\/tr><tr><td>26.<\/td><td>Dominik Kalas<\/td><td>19.9.2018<\/td><\/tr><tr><td>27.<\/td><td>Zden\u011bk K\u0159ej\u010di\u0159\u00edk<\/td><td>28.7.2019<\/td><\/tr><tr><td>28.<\/td><td>Lubom\u00edr Tetur<\/td><td>29.4.2020<\/td><\/tr><tr><td>29.<\/td><td>Richard Pato\u010dka<\/td><td>29.10.2020<\/td><\/tr><tr><td>30.<\/td><td>Vladim\u00edr Rezek<\/td><td>22.1.2022<\/td><\/tr><tr><td>31.<\/td><td>Yuri Lalo<\/td><td>13.1.2024<\/td><\/tr><tr><td>32.<\/td><td>Marek Pato\u010dka<\/td><td>18.1.2025<\/td><\/tr><tr><td>33.<\/td><td>Jan Jarol\u00edk<\/td><td>17.1.2026<\/td><\/tr><tr><td>34.<\/td><td>Pavel Matou\u0161ek<\/td><td>17.1.2026<\/td><\/tr><tr><td><br><\/td><td><br><\/td><td><br><\/td><\/tr><tr><td><strong>\u010cestn\u00ed \u010dlenov\u00e9<\/strong><\/td><td><\/td><td><\/td><\/tr><tr><td><strong>\u010d.<\/strong><\/td><td><strong>jm\u00e9no a p\u0159\u00edjmen\u00ed<\/strong><\/td><td><strong>den vstupu<\/strong><\/td><\/tr><tr><td>1.<\/td><td>Jan Mikul\u00e1\u0161ek st.<\/td><td>5.9.2016<\/td><\/tr><tr><td>2.<\/td><td>Anton\u00edn Musel\u00edk<\/td><td>5.9.2016<\/td><\/tr><tr><td>3.<\/td><td>Zden\u011bk Va\u0148\u00e1\u010dek<\/td><td>5.9.2016<\/td><\/tr><tr><td>4.<\/td><td>Ji\u0159\u00ed Je\u0159\u00e1bek<\/td><td>5.9.2016<\/td><\/tr><tr><td>5.<\/td><td>&nbsp;Jitka Ambrozov\u00e1<\/td><td>&nbsp;21.1.2021<\/td><\/tr><tr><td><\/td><td><\/td><td><\/td><\/tr><tr><td><strong>S\u00ed\u0148 sl\u00e1vy<\/strong><\/td><td><\/td><td><\/td><\/tr><tr><td><strong>\u010d.<\/strong><\/td><td><strong>jm\u00e9no a p\u0159\u00edjmen\u00ed<\/strong><\/td><td><strong>den vstupu<\/strong><\/td><\/tr><tr><td>1.<\/td><td>Josef \u0160lof<\/td><td>5.9.2016<\/td><\/tr><\/tbody><\/table><\/figure>\n","protected":false},"excerpt":{"rendered":"<p>&nbsp; \u010clenov\u00e9 SPsH &nbsp; \u010d. jm\u00e9no a p\u0159\u00edjmen\u00ed den vstupu 1. Jan Mikul\u00e1\u0161ek 5.9.2015 2. Luk\u00e1\u0161 Sm\u00edlek 5.9.2015 3. Ji\u0159\u00ed Marek 5.9.2015 4. David Tak\u00e1\u010d 5.9.2015 5. Marek Filou\u0161 5.9.2015 6. Petr \u0160lof 5.9.2015 7. V\u00e1clav Vesely 5.9.2015 8. Libor Essender 5.9.2015 9. Ji\u0159\u00ed H\u00e1jek 5.9.2015 10. Filip Gale 5.9.2015\u2026<\/p>\n<p class=\"continue-reading-button\"> <a class=\"continue-reading-link\" href=\"https:\/\/spshostenice.cz\/?page_id=16\">Continue reading<i class=\"crycon-right-dir\"><\/i><\/a><\/p>\n","protected":false},"author":1,"featured_media":0,"parent":7,"menu_order":1,"comment_status":"closed","ping_status":"closed","template":"","meta":{"footnotes":""},"_links":{"self":[{"href":"https:\/\/spshostenice.cz\/index.php?rest_route=\/wp\/v2\/pages\/16"}],"collection":[{"href":"https:\/\/spshostenice.cz\/index.php?rest_route=\/wp\/v2\/pages"}],"about":[{"href":"https:\/\/spshostenice.cz\/index.php?rest_route=\/wp\/v2\/types\/page"}],"author":[{"embeddable":true,"href":"https:\/\/spshostenice.cz\/index.php?rest_route=\/wp\/v2\/users\/1"}],"replies":[{"embeddable":true,"href":"https:\/\/spshostenice.cz\/index.php?rest_route=%2Fwp%2Fv2%2Fcomments&post=16"}],"version-history":[{"count":13,"href":"https:\/\/spshostenice.cz\/index.php?rest_route=\/wp\/v2\/pages\/16\/revisions"}],"predecessor-version":[{"id":355,"href":"https:\/\/spshostenice.cz\/index.php?rest_route=\/wp\/v2\/pages\/16\/revisions\/355"}],"up":[{"embeddable":true,"href":"https:\/\/spshostenice.cz\/index.php?rest_route=\/wp\/v2\/pages\/7"}],"wp:attachment":[{"href":"https:\/\/spshostenice.cz\/index.php?rest_route=%2Fwp%2Fv2%2Fmedia&parent=16"}],"curies":[{"name":"wp","href":"https:\/\/api.w.org\/{rel}","templated":true}]}}