{"id":14,"date":"2016-03-22T20:48:34","date_gmt":"2016-03-22T19:48:34","guid":{"rendered":"http:\/\/spshostenice.cz\/?page_id=14"},"modified":"2017-05-30T09:20:47","modified_gmt":"2017-05-30T08:20:47","slug":"stanovy","status":"publish","type":"page","link":"https:\/\/spshostenice.cz\/?page_id=14","title":{"rendered":"Stanovy"},"content":{"rendered":"<p><strong>Stanovy spolku<\/strong><\/p>\n<p><strong>\u010cl. I<\/strong><\/p>\n<p><strong>N\u00e1zev a s\u00eddlo<\/strong><\/p>\n<p>Spolek P\u0159\u00e1tel sportu Host\u011bnice (d\u00e1le jen ,,spolek\u201c) m\u00e1 sv\u00e9 s\u00eddlo v\u00a0Host\u011bnic\u00edch, na adrese Host\u011bnice \u010d.p. 6,\u00a0\u00a0\u00a0\u00a0\u00a0\u00a0\u00a0\u00a0\u00a0\u00a0\u00a0\u00a0 PS\u010c 664 04.<\/p>\n<p><strong>\u010cl. II<\/strong><\/p>\n<p><strong>\u00da\u010del spolku<\/strong><\/p>\n<p>Z\u00e1kladn\u00edmi \u00fa\u010dely spolku jsou:<\/p>\n<ol>\n<li>a) sdru\u017eov\u00e1n\u00ed osob za \u00fa\u010delem sportu,<\/li>\n<li>b) propagace, organizov\u00e1n\u00ed a podpora sportovn\u00edch akc\u00ed,<\/li>\n<li>c) za\u010dle\u0148ov\u00e1n\u00ed d\u011bt\u00ed do sportovn\u00edch aktivit,<\/li>\n<li>d) vybudov\u00e1n\u00ed z\u00e1zem\u00ed k h\u0159i\u0161ti ,,Na Pastvisk\u00e1ch\u201c.<\/li>\n<li>e) ochrana \u017eivotn\u00edho prost\u0159ed\u00ed (\u010di\u0161t\u011bn\u00ed les\u016f, potok\u016f, luk, apod. \u010dinnosti)<\/li>\n<\/ol>\n<p><strong>\u010cl. III<\/strong><\/p>\n<p><strong>Hlavn\u00ed \u010dinnost spolku<\/strong><\/p>\n<p>\u010cinnost spolku sm\u011b\u0159uje k\u00a0napln\u011bn\u00ed \u00fa\u010del\u016f popsan\u00fdch v\u00a0\u010dl. II., co by spole\u010dn\u00e9ho z\u00e1jmu jeho \u010dlen\u016f. Tento \u00fa\u010del je napl\u0148ov\u00e1n zejm\u00e9na prost\u0159ednictv\u00edm:<\/p>\n<ol>\n<li>a) organizov\u00e1n\u00ed a po\u0159\u00e1d\u00e1n\u00ed nohejbalov\u00fdch, fotbalov\u00fdch, tenisov\u00fdch, hokejov\u00fdch a dal\u0161\u00edch akc\u00ed,<\/li>\n<li>b) v\u00fdroby a \u00fapravy ledov\u00e9 plochy na h\u0159i\u0161ti ,,Na Pastvisk\u00e1ch\u201c v\u00a0zimn\u00edm obdob\u00ed,<\/li>\n<li>c) \u00fa\u010dasti na dobudov\u00e1n\u00ed nohejbalov\u00e9ho kurtu na h\u0159i\u0161ti ,,Na Pastvisk\u00e1ch\u201c,<\/li>\n<li>d) spolupr\u00e1ce s\u00a0jin\u00fdmi organizacemi,<\/li>\n<li>e) pravideln\u00e9ho p\u0159isp\u00edv\u00e1n\u00ed do obecn\u00edho zpravodaje obce Host\u011bnice o fungov\u00e1n\u00ed spolku,<\/li>\n<li>f) zapojen\u00edm dobrovoln\u00edk\u016f a podporou dobrovolnictv\u00ed,<\/li>\n<li>g) realizac\u00ed projekt\u016f souvisej\u00edc\u00edch s hlavn\u00edmi \u00fa\u010dely spolku.<\/li>\n<\/ol>\n<p>&nbsp;<\/p>\n<p><strong>\u010cl. IV<\/strong><\/p>\n<p><strong>\u010clenstv\u00ed ve spolku<\/strong><\/p>\n<ol>\n<li>\u010clenem spolku m\u016f\u017ee b\u00fdt fyzick\u00e1 osoba star\u0161\u00ed 15 let. \u010clenstv\u00ed ve spolku vznik\u00e1 na z\u00e1klad\u011b schv\u00e1len\u00ed p\u00edsemn\u00e9 p\u0159ihl\u00e1\u0161ky \u010dlenskou sch\u016fz\u00ed spolku, kter\u00e1 o jeho p\u0159ijet\u00ed rozhoduje na sv\u00e9m nejbli\u017e\u0161\u00edm zased\u00e1n\u00ed. P\u0159ihl\u00e1\u0161ka mus\u00ed obsahovat: jm\u00e9no a p\u0159\u00edjmen\u00ed \u017eadatele, adresu trval\u00e9ho pobytu, pop\u0159\u00edpad\u011b telefonick\u00e9 spojen\u00ed a e-mailovou adresu, datum pod\u00e1n\u00ed p\u0159ihl\u00e1\u0161ky a vlastnoru\u010dn\u00ed podpis \u017eadatele. Prvn\u00edmi \u010dleny spolku se automaticky st\u00e1vaj\u00ed osoby p\u0159\u00edtomn\u00e9 na ustavuj\u00edc\u00ed sch\u016fzi spolku.<\/li>\n<li>\u010clen spolku m\u00e1 n\u00e1sleduj\u00edc\u00ed pr\u00e1va:<\/li>\n<li>a) volit radu spolku a b\u00fdt zvolen do org\u00e1n\u016f spolku,<\/li>\n<li>b) \u00fa\u010dastnit se \u010dlensk\u00e9 sch\u016fze a pod\u00edlet se na jej\u00edm rozhodov\u00e1n\u00ed hlasov\u00e1n\u00edm,<\/li>\n<li>c) \u00fa\u010dastnit se ve\u0161ker\u00e9 \u010dinnosti spolku,<\/li>\n<li>d) p\u0159edkl\u00e1dat n\u00e1vrhy, n\u00e1m\u011bty a p\u0159ipom\u00ednky k\u00a0\u010dinnosti spolku.<\/li>\n<li>\u010clen spolku m\u00e1 povinnost:\n<ol>\n<li>dodr\u017eovat stanovy, plnit usnesen\u00ed org\u00e1n\u016f spolku,<\/li>\n<li>aktivn\u011b h\u00e1jit z\u00e1jmy spolku, dodr\u017eovat vnit\u0159n\u00ed dohody a nepodnikat \u017e\u00e1dn\u00e9 kroky, kter\u00e9 by byly v\u00a0rozporu se z\u00e1jmy spolku,<\/li>\n<li>aktivn\u011b a pravideln\u011b se \u00fa\u010dastnit jedn\u00e1n\u00ed org\u00e1n\u016f spolku a p\u0159isp\u00edvat ke zlep\u0161en\u00ed jejich pr\u00e1ce.<\/li>\n<\/ol>\n<\/li>\n<li>\u010clenstv\u00ed ve spolku zanik\u00e1:\n<ol>\n<li>doru\u010den\u00edm p\u00edsemn\u00e9ho ozn\u00e1men\u00ed o vystoupen\u00ed \u010dlena p\u0159edsedovi (pop\u0159. m\u00edstop\u0159edsedovi),<\/li>\n<li>\u00famrt\u00edm \u010dlena,<\/li>\n<li>z\u00e1nikem spolku,<\/li>\n<li>vylou\u010den\u00edm \u010dlena \u010dlenskou sch\u016fz\u00ed v\u00a0p\u0159\u00edpad\u011b hrub\u00e9ho poru\u0161en\u00ed stanov spolku. V takov\u00e9m p\u0159\u00edpad\u011b o vylou\u010den\u00ed rozhodne nadpolovi\u010dn\u00ed v\u011bt\u0161ina p\u0159\u00edtomn\u00fdch \u010dlen\u016f spolku na \u010dlensk\u00e9 sch\u016fzi,<\/li>\n<\/ol>\n<\/li>\n<\/ol>\n<p>p\u0159\u00edpadn\u011b z\u00a0jin\u00e9ho d\u016fvodu stanoven\u00e9ho z\u00e1konem.<\/p>\n<ol start=\"5\">\n<li>Z\u00e1pisy a v\u00fdmazy v\u00a0seznamu \u010dlen\u016f prov\u00e1d\u00ed p\u0159edseda spolku p\u0159i vzniku a z\u00e1niku \u010dlenstv\u00ed a d\u00e1le p\u0159i jak\u00e9koliv zm\u011bn\u011b podstatn\u00fdch \u00fadaj\u016f. Seznam \u010dlen\u016f bude ulo\u017een u p\u0159edsedy spolku a na vy\u017e\u00e1d\u00e1n\u00ed umo\u017en\u00ed ka\u017ed\u00e9mu \u010dlenu spolku do n\u011bj nahl\u00eddnout.<\/li>\n<li>Ve\u0161ker\u00e9 vypo\u0159\u00e1d\u00e1n\u00ed v\u016f\u010di \u010dlenovi, kter\u00e9mu zaniklo \u010dlenstv\u00ed, prob\u011bhne do t\u0159\u00ed m\u011bs\u00edc\u016f od potvrzen\u00e9ho ukon\u010den\u00ed \u010dlenstv\u00ed.<\/li>\n<\/ol>\n<p><strong>\u010cl. V<\/strong><\/p>\n<p><strong>Org\u00e1ny spolku<\/strong><\/p>\n<p>Organiza\u010dn\u00ed strukturu spolku tvo\u0159\u00ed tyto org\u00e1ny:<\/p>\n<ol>\n<li>\u010dlensk\u00e1 sch\u016fze,<\/li>\n<li>rada spolku.<\/li>\n<\/ol>\n<p><strong>\u010cl. VI<\/strong><\/p>\n<p><strong>\u010clensk\u00e1 sch\u016fze<\/strong><\/p>\n<ol>\n<li>Nejvy\u0161\u0161\u00edm org\u00e1nem spolku je \u010dlensk\u00e1 sch\u016fze, kter\u00e1 se sch\u00e1z\u00ed nejm\u00e9n\u011b jednou ro\u010dn\u011b a rozhoduje o v\u0161ech d\u016fle\u017eit\u00fdch v\u011bcech t\u00fdkaj\u00edc\u00edch se spolku, zejm\u00e9na:\n<ol>\n<li>schvaluje stanovy spolku a zm\u011bny t\u011bchto stanov,<\/li>\n<li>vol\u00ed radu spolku na funk\u010dn\u00ed obdob\u00ed \u010dty\u0159 rok\u016f a odvol\u00e1v\u00e1 ji,<\/li>\n<li>schvaluje zpr\u00e1vu o \u010dinnosti spolku a v\u00fdsledky hospoda\u0159en\u00ed za p\u0159edch\u00e1zej\u00edc\u00ed rok,<\/li>\n<li>ur\u010duje a schvaluje pl\u00e1n \u010dinnosti spolku a jeho c\u00edle na p\u0159\u00ed\u0161t\u00ed obdob\u00ed,<\/li>\n<li>schvaluje p\u0159ihl\u00e1\u0161ky nov\u00fdch \u010dlen\u016f a rozhoduje o vylou\u010den\u00ed \u010dlen\u016f,<\/li>\n<li>rozhoduje o vstupu spolku do pr\u00e1vnick\u00fdch osob,<\/li>\n<li>rozhoduje o z\u00e1niku spolku,<\/li>\n<li>vol\u00ed \u010destn\u00e9 \u010dleny spolku,<\/li>\n<li>ur\u010duje v\u00fd\u0161i \u010dlensk\u00fdch p\u0159\u00edsp\u011bvk\u016f.<\/li>\n<\/ol>\n<\/li>\n<\/ol>\n<p>&nbsp;<\/p>\n<ol start=\"2\">\n<li>Zased\u00e1n\u00ed \u010dlensk\u00e9 sch\u016fze je svol\u00e1v\u00e1no p\u0159edsedou (pop\u0159. m\u00edstop\u0159edsedou) spolku podle pot\u0159eby, nejm\u00e9n\u011b v\u0161ak jednou ro\u010dn\u011b. P\u0159edseda (pop\u0159. m\u00edstop\u0159edseda) je povinen svolat \u010dlenskou sch\u016fzi do jednoho m\u011bs\u00edce od doru\u010den\u00ed \u017e\u00e1dosti, pokud ho o to po\u017e\u00e1d\u00e1 p\u00edsemn\u011b alespo\u0148 jedna t\u0159etina \u010dlen\u016f spolku.<\/li>\n<li>Informaci o pl\u00e1novan\u00e9m zased\u00e1n\u00ed \u010dlensk\u00e9 sch\u016fze zas\u00edl\u00e1 p\u0159edseda (pop\u0159. m\u00edstop\u0159edseda) \u010dlen\u016fm spolku elektronickou po\u0161tou nebo p\u00edsemn\u011b na kontaktn\u00ed adresu, kterou \u010dlen uvedl v\u00a0p\u0159ihl\u00e1\u0161ce, a to nejpozd\u011bji \u010dtrn\u00e1ct dn\u00ed p\u0159ed jeho kon\u00e1n\u00edm. V\u00a0od\u016fvodn\u011bn\u00fdch p\u0159\u00edpadech m\u016f\u017ee b\u00fdt tato doba zkr\u00e1cena. Sou\u010d\u00e1st\u00ed informace je n\u00e1vrh o programu jedn\u00e1n\u00ed.<\/li>\n<li>V p\u0159\u00edpad\u011b odvol\u00e1n\u00ed, odstoupen\u00ed nebo \u00famrt\u00ed n\u011bkter\u00e9ho \u010dlena rady spolku, je povinen p\u0159edseda (pop\u0159. m\u00edstop\u0159edseda) do 60 dn\u00ed svolat \u010dlenskou sch\u016fzi, kter\u00e1 zajist\u00ed dopln\u011bn\u00ed rady.<\/li>\n<li>\u010clensk\u00e1 sch\u016fze je usn\u00e1\u0161en\u00edschopn\u00e1, \u00fa\u010dastn\u00ed-li se jej\u00edho zased\u00e1n\u00ed t\u0159etina v\u0161ech \u010dlen\u016f spolku. \u010clensk\u00e1 sch\u016fze rozhoduje nadpolovi\u010dn\u00ed v\u011bt\u0161inou p\u0159\u00edtomn\u00fdch \u010dlen\u016f spolku, nen\u00ed-li v\u00a0t\u011bchto stanov\u00e1ch uvedeno jinak. Ka\u017ed\u00fd \u010dlen m\u00e1 p\u0159i rozhodov\u00e1n\u00ed jeden hlas; hlasy \u010dlen\u016f si jsou rovny.<\/li>\n<li>O rozhodnut\u00edch p\u0159ijat\u00fdch na zased\u00e1n\u00ed \u010dlensk\u00e9 sch\u016fze po\u0159izuje \u010dlenskou sch\u016fz\u00ed pov\u011b\u0159en\u00fd \u010dlen spolku z\u00e1pis. Z\u00e1pis sv\u00fdm podpisem ov\u011b\u0159uj\u00ed dva \u010dlenov\u00e9 p\u0159\u00edtomn\u00ed na zased\u00e1n\u00ed \u010dlensk\u00e9 sch\u016fze.<\/li>\n<\/ol>\n<p>&nbsp;<\/p>\n<p><strong>\u010cl. VII<\/strong><\/p>\n<p><strong>Rada spolku<\/strong><\/p>\n<ol>\n<li>Rada spolku \u0159\u00edd\u00ed \u010dinnost spolku mezi \u010dlensk\u00fdmi sch\u016fzemi a p\u0159edkl\u00e1d\u00e1 \u010dlensk\u00e9 sch\u016fzi zpr\u00e1vu o \u010dinnosti spolku a v\u00fdsledky hospoda\u0159en\u00ed za p\u0159edch\u00e1zej\u00edc\u00ed rok.<\/li>\n<\/ol>\n<p>&nbsp;<\/p>\n<ol start=\"2\">\n<li>Rada spolku je sedmi\u010dlenn\u00e1 a je slo\u017eena z\u00a0p\u0159edsedy, 1. a 2. M\u00edstop\u0159edsedy, pokladn\u00edka a t\u0159\u00ed \u0159adov\u00fdch \u010dlen\u016f.<\/li>\n<\/ol>\n<p>&nbsp;<\/p>\n<ol start=\"3\">\n<li>Rada je volena na funk\u010dn\u00ed obdob\u00ed 4 rok\u016f \u010dlenskou sch\u016fz\u00ed.<\/li>\n<\/ol>\n<p>&nbsp;<\/p>\n<ol start=\"4\">\n<li>Rada spolku m\u016f\u017ee sama za spolek rozhodovat o finan\u010dn\u00edch \u010d\u00e1stk\u00e1ch do sumy 30.000 K\u010d. P\u0159i rozhodov\u00e1n\u00ed nad tuhle sumu u toho mus\u00ed b\u00fdt (a souhlasit) nadpolovi\u010dn\u00ed v\u011bt\u0161ina v\u0161ech \u010dlen\u016f spolku.<\/li>\n<\/ol>\n<p>&nbsp;<\/p>\n<p>&nbsp;<\/p>\n<p><strong>\u010cl. VII<\/strong><\/p>\n<p><strong>P\u0159edseda a m\u00edstop\u0159edseda spolku<\/strong><\/p>\n<ol>\n<li><span style=\"text-decoration: underline;\">P\u0159edseda<\/span> je statut\u00e1rn\u00edm org\u00e1nem spolku, kter\u00fd je opr\u00e1vn\u011bn za n\u011bj jednat ve v\u0161ech v\u011bcech. Za spolek m\u016f\u017ee jednat rovn\u011b\u017e p\u0159edsedou zmocn\u011bn\u00fd \u010dlen.<\/li>\n<li><span style=\"text-decoration: underline;\"> m\u00edstop\u0159edseda<\/span> zastupuje p\u0159edsedu v dob\u011b jeho nep\u0159\u00edtomnosti. M\u00edstop\u0159edsedov\u00e9 nejsou statut\u00e1rn\u00edm org\u00e1nem.<\/li>\n<li>P\u0159edseda je povinen:\n<ol start=\"2\">\n<li>svol\u00e1vat zased\u00e1n\u00ed \u010dlensk\u00e9 sch\u016fze v\u00a0souladu s\u00a0\u010dl. 6 odst. 2. t\u011bchto stanov,<\/li>\n<li>v\u00e9st \u0159\u00e1dn\u011b agendu \u010dlensk\u00e9 sch\u016fze a seznam \u010dlen\u016f spolku,<\/li>\n<li>archivovat ve\u0161ker\u00e9 z\u00e1pisy ze\u00a0zased\u00e1n\u00ed \u010dlensk\u00e9 sch\u016fze.<\/li>\n<\/ol>\n<\/li>\n<\/ol>\n<p><strong>\u00a0<\/strong><\/p>\n<p><strong>\u010cl. VIII<\/strong><\/p>\n<p><strong>Zp\u016fsob majetkov\u00e9ho vypo\u0159\u00e1d\u00e1n\u00ed p\u0159i z\u00e1niku spolku<\/strong><\/p>\n<p>V\u00a0p\u0159\u00edpad\u011b z\u00e1niku spolku je jeho likvida\u010dn\u00ed z\u016fstatek bezplatn\u011b p\u0159eveden na jinou pr\u00e1vnickou osobu neziskov\u00e9ho charakteru, jej\u00ed\u017e c\u00edle jsou bl\u00edzk\u00e9 c\u00edl\u016fm spolku.<\/p>\n<p>&nbsp;<\/p>\n<p>V\u00a0Host\u011bnic\u00edch dne \u2026&#8230;&#8230;&#8230;&#8230;&#8230;&#8230;&#8230;&#8230;.<\/p>\n<p>Zapsal:\u00a0\u00a0\u00a0\u00a0\u00a0\u00a0\u00a0\u00a0\u00a0\u00a0\u00a0\u00a0\u00a0\u00a0\u00a0\u00a0\u00a0\u00a0\u00a0\u00a0\u00a0\u00a0\u00a0\u00a0\u00a0\u00a0\u00a0\u00a0\u00a0\u00a0\u00a0\u00a0\u00a0\u00a0\u00a0\u00a0\u00a0\u00a0\u00a0\u00a0\u00a0\u00a0\u00a0\u00a0\u00a0\u00a0\u00a0\u00a0\u00a0\u00a0\u00a0\u00a0\u00a0\u00a0\u00a0\u00a0\u00a0\u00a0\u00a0\u00a0\u00a0\u00a0\u00a0\u00a0\u00a0\u00a0\u00a0\u00a0\u00a0\u00a0\u00a0\u00a0\u00a0\u00a0\u00a0\u00a0\u00a0\u00a0\u00a0\u00a0\u00a0\u00a0\u00a0\u00a0\u00a0\u00a0\u00a0\u00a0\u00a0\u00a0\u00a0\u00a0\u00a0\u00a0\u00a0\u00a0\u00a0\u00a0\u00a0\u00a0\u00a0\u00a0\u00a0\u00a0\u00a0\u00a0\u00a0\u00a0\u00a0\u00a0\u00a0\u00a0\u00a0\u00a0\u00a0\u00a0\u00a0\u00a0\u00a0\u00a0\u00a0\u00a0\u00a0\u00a0\u00a0\u00a0 Ov\u011b\u0159ili:<\/p>\n<p>\u2026&#8230;&#8230;&#8230;&#8230;&#8230;&#8230;&#8230;&#8230;&#8230;&#8230;&#8230;&#8230;\u00a0\u00a0\u00a0\u00a0\u00a0\u00a0\u00a0\u00a0\u00a0\u00a0\u00a0\u00a0\u00a0\u00a0\u00a0\u00a0\u00a0\u00a0\u00a0\u00a0\u00a0\u00a0\u00a0\u00a0\u00a0\u00a0\u00a0\u00a0\u00a0\u00a0\u00a0\u00a0\u00a0\u00a0\u00a0\u00a0\u00a0\u00a0\u00a0\u00a0\u00a0\u00a0\u00a0\u00a0\u00a0\u00a0\u00a0\u00a0\u00a0\u00a0\u00a0\u00a0\u00a0\u00a0\u00a0\u00a0\u00a0\u00a0\u00a0\u00a0\u00a0\u00a0\u00a0\u00a0\u00a0\u00a0\u00a0\u00a0\u00a0\u00a0\u00a0\u00a0\u00a0\u00a0\u00a0\u00a0\u00a0\u00a0\u00a0\u00a0\u00a0\u00a0\u00a0\u00a0\u00a0 \u2026&#8230;&#8230;&#8230;&#8230;&#8230;&#8230;&#8230;&#8230;&#8230;&#8230;&#8230;&#8230;&#8230;<\/p>\n<p>\u2026&#8230;&#8230;&#8230;&#8230;&#8230;&#8230;&#8230;&#8230;&#8230;&#8230;&#8230;&#8230;&#8230;<\/p>\n<p>&nbsp;<\/p>\n","protected":false},"excerpt":{"rendered":"<p>Stanovy spolku \u010cl. I N\u00e1zev a s\u00eddlo Spolek P\u0159\u00e1tel sportu Host\u011bnice (d\u00e1le jen ,,spolek\u201c) m\u00e1 sv\u00e9 s\u00eddlo v\u00a0Host\u011bnic\u00edch, na adrese Host\u011bnice \u010d.p. 6,\u00a0\u00a0\u00a0\u00a0\u00a0\u00a0\u00a0\u00a0\u00a0\u00a0\u00a0\u00a0 PS\u010c 664 04. \u010cl. II \u00da\u010del spolku Z\u00e1kladn\u00edmi \u00fa\u010dely spolku jsou: a) sdru\u017eov\u00e1n\u00ed osob za \u00fa\u010delem sportu, b) propagace, organizov\u00e1n\u00ed a podpora sportovn\u00edch akc\u00ed, c) za\u010dle\u0148ov\u00e1n\u00ed d\u011bt\u00ed\u2026<\/p>\n<p class=\"continue-reading-button\"> <a class=\"continue-reading-link\" href=\"https:\/\/spshostenice.cz\/?page_id=14\">Continue reading<i class=\"crycon-right-dir\"><\/i><\/a><\/p>\n","protected":false},"author":1,"featured_media":0,"parent":7,"menu_order":0,"comment_status":"closed","ping_status":"closed","template":"","meta":{"footnotes":""},"_links":{"self":[{"href":"https:\/\/spshostenice.cz\/index.php?rest_route=\/wp\/v2\/pages\/14"}],"collection":[{"href":"https:\/\/spshostenice.cz\/index.php?rest_route=\/wp\/v2\/pages"}],"about":[{"href":"https:\/\/spshostenice.cz\/index.php?rest_route=\/wp\/v2\/types\/page"}],"author":[{"embeddable":true,"href":"https:\/\/spshostenice.cz\/index.php?rest_route=\/wp\/v2\/users\/1"}],"replies":[{"embeddable":true,"href":"https:\/\/spshostenice.cz\/index.php?rest_route=%2Fwp%2Fv2%2Fcomments&post=14"}],"version-history":[{"count":3,"href":"https:\/\/spshostenice.cz\/index.php?rest_route=\/wp\/v2\/pages\/14\/revisions"}],"predecessor-version":[{"id":92,"href":"https:\/\/spshostenice.cz\/index.php?rest_route=\/wp\/v2\/pages\/14\/revisions\/92"}],"up":[{"embeddable":true,"href":"https:\/\/spshostenice.cz\/index.php?rest_route=\/wp\/v2\/pages\/7"}],"wp:attachment":[{"href":"https:\/\/spshostenice.cz\/index.php?rest_route=%2Fwp%2Fv2%2Fmedia&parent=14"}],"curies":[{"name":"wp","href":"https:\/\/api.w.org\/{rel}","templated":true}]}}